{"id":5219,"date":"2021-04-16T22:26:35","date_gmt":"2021-04-16T22:26:35","guid":{"rendered":"https:\/\/visscherspecialty.com\/politique-de-confidentialite\/"},"modified":"2024-10-08T06:18:34","modified_gmt":"2024-10-08T06:18:34","slug":"politique-de-confidentialite","status":"publish","type":"page","link":"https:\/\/visscherspecialty.com\/fr\/politique-de-confidentialite\/","title":{"rendered":"Politique de confidentialit\u00e9"},"content":{"rendered":"\t\t<div data-elementor-type=\"wp-page\" data-elementor-id=\"5219\" class=\"elementor elementor-5219 elementor-3\" data-elementor-post-type=\"page\">\n\t\t\t\t<div class=\"elementor-element elementor-element-b8edc0f e-con-full e-flex e-con e-parent\" data-id=\"b8edc0f\" data-element_type=\"container\">\n\t\t\t\t<div class=\"elementor-element elementor-element-166c662 elementor-widget elementor-widget-heading\" data-id=\"166c662\" data-element_type=\"widget\" data-widget_type=\"heading.default\">\n\t\t\t\t<div class=\"elementor-widget-container\">\n\t\t\t\t\t<h1 class=\"elementor-heading-title elementor-size-default\">Politique de confidentialit\u00e9<\/h1>\t\t\t\t<\/div>\n\t\t\t\t<\/div>\n\t\t\t\t<\/div>\n\t\t<div class=\"elementor-element elementor-element-7d5ed3a e-flex e-con-boxed e-con e-parent\" data-id=\"7d5ed3a\" data-element_type=\"container\">\n\t\t\t\t\t<div class=\"e-con-inner\">\n\t\t\t\t<div class=\"elementor-element elementor-element-f41a2fe elementor-widget elementor-widget-text-editor\" data-id=\"f41a2fe\" data-element_type=\"widget\" data-widget_type=\"text-editor.default\">\n\t\t\t\t<div class=\"elementor-widget-container\">\n\t\t\t\t\t\t\t\t\t<p>La pr\u00e9sente politique de confidentialit\u00e9 \u00e9nonce les politiques et les pratiques de Visscher Specialty Products (Visscher) en mati\u00e8re de collecte, d&#8217;utilisation et de divulgation de renseignements personnels dans le cadre du site www.visscherspecialty.com (le site Web). La pr\u00e9sente politique de confidentialit\u00e9 peut \u00eatre mise \u00e0 jour par Visscher en donnant un pr\u00e9avis raisonnable des conditions r\u00e9vis\u00e9es (notamment par courriel ou par affichage sur le site Web), et la pr\u00e9sente politique de confidentialit\u00e9 peut \u00eatre compl\u00e9t\u00e9e ou modifi\u00e9e par des ententes conclues entre Visscher et une personne de temps \u00e0 autre. Dans la pr\u00e9sente politique sur la protection de la vie priv\u00e9e, l&#8217;expression &#8221; renseignements personnels &#8221; d\u00e9signe tout renseignement concernant une personne identifiable, tel que d\u00e9fini plus en d\u00e9tail dans les lois canadiennes applicables.  <\/p>\n<h4>Collecte et utilisation des informations personnelles<\/h4>\n<p>Visscher peut recueillir des renseignements personnels aupr\u00e8s d&#8217;un utilisateur du site Web (l'&#8221; utilisateur du site &#8220;) lorsque celui-ci utilise le site Web de Visscher. Visscher peut utiliser ces renseignements personnels dans la mesure o\u00f9 cela est raisonnablement n\u00e9cessaire pour traiter l&#8217;inscription de l&#8217;utilisateur du site au site Web et\/ou pour fournir des informations et d&#8217;autres fonctions sur le site Web qui peuvent \u00eatre utiles \u00e0 l&#8217;utilisateur du site. <\/p>\n<p>Les informations de contact que l&#8217;utilisateur du site fournit au site Web peuvent \u00eatre utilis\u00e9es pour le contacter en relation avec le site Web. Par exemple, en fonction des services auxquels l&#8217;utilisateur du site s&#8217;est abonn\u00e9 et des pr\u00e9f\u00e9rences en mati\u00e8re de protection de la vie priv\u00e9e que l&#8217;utilisateur du site a indiqu\u00e9es \u00e0 Visscher, Visscher peut utiliser les coordonn\u00e9es de l&#8217;utilisateur du site pour envoyer des avis concernant les changements apport\u00e9s au site Web ou concernant les nouveaux services ou produits ou les mises \u00e0 jour de ceux-ci. <\/p>\n<p>Visscher peut recueillir et analyser des informations non personnelles pour \u00e9valuer la fa\u00e7on dont les visiteurs utilisent le site Web, y compris des informations non personnelles sur l&#8217;utilisation et le fonctionnement du service qui ne sont pas associ\u00e9es \u00e0 une identit\u00e9 personnelle sp\u00e9cifique. Visscher re\u00e7oit et enregistre aussi automatiquement des informations dans les journaux du serveur de Visscher, qui peuvent inclure l&#8217;adresse IP de l&#8217;ordinateur de l&#8217;utilisateur du site et des informations sur les &#8220;cookies&#8221;. Visscher utilise l&#8217;adresse IP de l&#8217;utilisateur du site pour l&#8217;identifier, recueillir des informations d\u00e9mographiques g\u00e9n\u00e9rales sur les utilisateurs de Visscher, diagnostiquer les probl\u00e8mes des syst\u00e8mes de Visscher et administrer le site Web. Un cookie est un petit fichier texte qui est stock\u00e9 sur l&#8217;ordinateur de l&#8217;utilisateur du site et qui ne peut pas lire les donn\u00e9es de l&#8217;ordinateur de l&#8217;utilisateur du site. Les seules informations qu&#8217;un cookie peut recueillir sont celles fournies par l&#8217;utilisateur du site.    <\/p>\n<p>Visscher recueille des donn\u00e9es d\u00e9mographiques et de profil en rapport avec le site Web et utilise ces donn\u00e9es pour adapter l&#8217;exp\u00e9rience de chaque utilisateur du site au site Web et pour afficher le contenu en fonction des pr\u00e9f\u00e9rences de l&#8217;utilisateur du site.<\/p>\n<p>Visscher peut utiliser les renseignements sur les clients \u00e0 d&#8217;autres fins qui peuvent \u00eatre d\u00e9termin\u00e9es au moment o\u00f9 les renseignements sont recueillis ou avant. Visscher ne conservera les renseignements personnels qu&#8217;aussi longtemps que n\u00e9cessaire aux fins d\u00e9crites dans la pr\u00e9sente politique de protection de la vie priv\u00e9e ou que la loi l&#8217;exige ou le permet. <\/p>\n<p>Visscher peut partager des renseignements personnels avec des tiers sous-traitants et agents qui travaillent au nom de Visscher et avec des tiers fournisseurs de services qui fournissent des conseils et des services en rapport avec le site Web ou en rapport avec les produits ou services pr\u00e9sent\u00e9s sur le site Web. Ces tiers n&#8217;ont pas le droit d&#8217;utiliser les renseignements personnels au-del\u00e0 de ce qui est n\u00e9cessaire pour aider Visscher et ils sont contractuellement tenus de maintenir la confidentialit\u00e9 et la s\u00e9curit\u00e9 des renseignements personnels et ne peuvent utiliser ces renseignements d&#8217;aucune fa\u00e7on qui ne soit express\u00e9ment autoris\u00e9e par Visscher. <\/p>\n<h4>Divulgation d&#8217;informations personnelles<\/h4>\n<p>Visscher peut divulguer des informations personnelles comme suit :<\/p>\n<p>\u00e0 des prestataires de services tiers et \u00e0 des entit\u00e9s affili\u00e9es afin d&#8217;effectuer des travaux pour le compte de Visscher en relation avec le site web,<br \/>\u00e0 des organismes charg\u00e9s de l&#8217;application de la loi dans le cadre d&#8217;enqu\u00eates sur des fraudes ou d&#8217;autres infractions,<br \/>\u00e0 des conseillers juridiques, financiers, d&#8217;assurance et autres, ou dans le cadre de la vente, de la r\u00e9organisation ou de la gestion de tout ou partie de ses activit\u00e9s ou op\u00e9rations, et<br \/>tel que consenti par l&#8217;utilisateur du site de temps \u00e0 autre, y compris pour r\u00e9pondre \u00e0 toute autre fin identifi\u00e9e lors de la collecte des donn\u00e9es \u00e0 caract\u00e8re personnel.<br \/>Visscher n&#8217;utilisera ni ne divulguera les renseignements personnels \u00e0 des fins autres que celles pour lesquelles ils ont \u00e9t\u00e9 recueillis, sauf avec le consentement de l&#8217;utilisateur du site ou si la loi l&#8217;exige ou le permet. Le consentement peut \u00eatre explicite ou implicite, et donn\u00e9 par \u00e9crit en utilisant ou non une case \u00e0 cocher, \u00e9lectroniquement, oralement, ou par le comportement de l&#8217;utilisateur du site, comme l&#8217;acc\u00e8s au site web et\/ou l&#8217;utilisation des services ou des produits fournis par le site web. <\/p>\n<h4>Stockage des informations personnelles<\/h4>\n<p>Les informations personnelles collect\u00e9es par le site web sont stock\u00e9es sur des serveurs situ\u00e9s aux \u00c9tats-Unis. Les renseignements personnels peuvent \u00e9galement \u00eatre g\u00e9r\u00e9s par une tierce partie pour le compte de Visscher. Bien que les lois am\u00e9ricaines soient moins strictes que les lois canadiennes, Visscher traitera et transmettra les renseignements personnels de l&#8217;utilisateur du site conform\u00e9ment \u00e0 la pr\u00e9sente politique de confidentialit\u00e9 et aux lois applicables en mati\u00e8re de protection des donn\u00e9es ou de la vie priv\u00e9e.  <\/p>\n<p>Lorsqu&#8217;elles se trouvent dans une autre juridiction pour y \u00eatre trait\u00e9es, les informations peuvent \u00eatre consult\u00e9es par les tribunaux, les autorit\u00e9s charg\u00e9es de l&#8217;application de la loi et les autorit\u00e9s charg\u00e9es de la s\u00e9curit\u00e9 nationale.<\/p>\n<h4>Cookies et adresses IP<\/h4>\n<p>Le site web est autoris\u00e9 \u00e0 utiliser des cookies pour fournir du contenu en fonction des pr\u00e9f\u00e9rences de l&#8217;utilisateur du site et pour enregistrer le mot de passe de l&#8217;utilisateur du site afin que ce dernier ne soit pas oblig\u00e9 de le saisir \u00e0 nouveau pendant qu&#8217;il utilise le site web.<\/p>\n<h4>Liens<\/h4>\n<p>Le site web peut contenir des liens vers d&#8217;autres sites web. Visscher n&#8217;est pas responsable des pratiques en mati\u00e8re de protection de la vie priv\u00e9e ou du contenu de ces sites Web. L&#8217;utilisateur du site devrait examiner les politiques de confidentialit\u00e9 des sites Web qu&#8217;il visite. La pr\u00e9sente politique de confidentialit\u00e9 s&#8217;applique uniquement aux renseignements recueillis par Visscher relativement au site Web.   <\/p>\n<h4>S\u00e9curit\u00e9<\/h4>\n<p>Visscher se prot\u00e8ge contre la perte, l&#8217;utilisation abusive et l&#8217;alt\u00e9ration des informations personnelles par des mesures de s\u00e9curit\u00e9 adapt\u00e9es \u00e0 la sensibilit\u00e9 des informations, notamment par l&#8217;utilisation de mesures physiques, organisationnelles et technologiques et par une formation appropri\u00e9e des employ\u00e9s. Toutefois, il est possible que toute information transmise via Internet soit intercept\u00e9e par des tiers inconnus. Visscher n&#8217;est pas responsable de la transmission de renseignements personnels qui sont divulgu\u00e9s ou qui sont transmis sans qu&#8217;il y ait eu omission ou acte de la part de Visscher.  <\/p>\n<h4>Opt-Out<\/h4>\n<p>Le cas \u00e9ch\u00e9ant, les utilisateurs du site ont la possibilit\u00e9 (i) de refuser de recevoir des communications de Visscher, (ii) de supprimer leurs renseignements personnels des dossiers de Visscher ou (iii) de choisir de ne plus recevoir de services de Visscher. Si l&#8217;utilisateur du site souhaite refuser de recevoir d&#8217;autres communications, veuillez contacter Visscher par courriel ou par t\u00e9l\u00e9phone en utilisant les coordonn\u00e9es fournies ci-dessous.    <\/p>\n<h4>Corrections\/Contact<\/h4>\n<p>L&#8217;utilisateur du site peut communiquer avec Visscher pour modifier ou corriger ses renseignements personnels qui sont sous le contr\u00f4le de Visscher.<\/p>\n<h4>Contact<\/h4>\n<p>Si l&#8217;utilisateur du site a des questions au sujet de la pr\u00e9sente politique de confidentialit\u00e9, des pratiques de Visscher en mati\u00e8re de protection de la vie priv\u00e9e relativement \u00e0 ce site Web, ou de la collecte, de l&#8217;utilisation, de la divulgation ou de la conservation par Visscher des renseignements personnels de l&#8217;utilisateur du site relativement \u00e0 ce site Web, y compris en ce qui a trait \u00e0 l&#8217;utilisation de fournisseurs de services aux \u00c9tats-Unis, veuillez communiquer avec Visscher de la fa\u00e7on suivante :<\/p>\n<p>Adresse : 6545 Lickman Road Chilliwack, BC Canada V2R 4A9 6545 Lickman Road Chilliwack, BC Canada V2R 4A9<br \/>Email : <a href=\"mailto:info@visscherspecialty.com\">info@visscherspecialty.com<\/a><\/p>\n\t\t\t\t\t\t\t\t<\/div>\n\t\t\t\t<\/div>\n\t\t\t\t\t<\/div>\n\t\t\t\t<\/div>\n\t\t\t\t<\/div>\n\t\t","protected":false},"excerpt":{"rendered":"<p>La pr\u00e9sente politique de confidentialit\u00e9 \u00e9nonce les politiques et les pratiques de Visscher Specialty Products (Visscher) en mati\u00e8re de collecte, d&#8217;utilisation et de divulgation de renseignements personnels dans le cadre du site www.visscherspecialty.com (le site Web). La pr\u00e9sente politique de confidentialit\u00e9 peut \u00eatre mise \u00e0 jour par Visscher en donnant un pr\u00e9avis raisonnable des conditions [&hellip;]<\/p>\n","protected":false},"author":1,"featured_media":0,"parent":0,"menu_order":0,"comment_status":"closed","ping_status":"open","template":"","meta":{"_acf_changed":false,"footnotes":""},"class_list":["post-5219","page","type-page","status-publish","hentry"],"acf":[],"yoast_head":"<!-- This site is optimized with the Yoast SEO plugin v27.2 - https:\/\/yoast.com\/product\/yoast-seo-wordpress\/ -->\n<title>Politique de confidentialit\u00e9 - Visscher Specialty<\/title>\n<meta name=\"robots\" content=\"index, follow, max-snippet:-1, max-image-preview:large, max-video-preview:-1\" \/>\n<link rel=\"canonical\" href=\"https:\/\/visscherspecialty.com\/fr\/politique-de-confidentialite\/\" \/>\n<meta property=\"og:locale\" content=\"fr_FR\" \/>\n<meta property=\"og:type\" content=\"article\" \/>\n<meta property=\"og:title\" content=\"Politique de confidentialit\u00e9 - Visscher Specialty\" \/>\n<meta property=\"og:description\" content=\"La pr\u00e9sente politique de confidentialit\u00e9 \u00e9nonce les politiques et les pratiques de Visscher Specialty Products (Visscher) en mati\u00e8re de collecte, d&#8217;utilisation et de divulgation de renseignements personnels dans le cadre du site www.visscherspecialty.com (le site Web). La pr\u00e9sente politique de confidentialit\u00e9 peut \u00eatre mise \u00e0 jour par Visscher en donnant un pr\u00e9avis raisonnable des conditions [&hellip;]\" \/>\n<meta property=\"og:url\" content=\"https:\/\/visscherspecialty.com\/fr\/politique-de-confidentialite\/\" \/>\n<meta property=\"og:site_name\" content=\"Visscher Specialty\" \/>\n<meta property=\"article:modified_time\" content=\"2024-10-08T06:18:34+00:00\" \/>\n<meta name=\"twitter:card\" content=\"summary_large_image\" \/>\n<meta name=\"twitter:label1\" content=\"Est. reading time\" \/>\n\t<meta name=\"twitter:data1\" content=\"7 minutes\" \/>\n<script type=\"application\/ld+json\" class=\"yoast-schema-graph\">{\"@context\":\"https:\/\/schema.org\",\"@graph\":[{\"@type\":\"WebPage\",\"@id\":\"https:\/\/visscherspecialty.com\/fr\/politique-de-confidentialite\/\",\"url\":\"https:\/\/visscherspecialty.com\/fr\/politique-de-confidentialite\/\",\"name\":\"Politique de confidentialit\u00e9 - Visscher Specialty\",\"isPartOf\":{\"@id\":\"https:\/\/visscherspecialty.com\/fr\/#website\"},\"datePublished\":\"2021-04-16T22:26:35+00:00\",\"dateModified\":\"2024-10-08T06:18:34+00:00\",\"breadcrumb\":{\"@id\":\"https:\/\/visscherspecialty.com\/fr\/politique-de-confidentialite\/#breadcrumb\"},\"inLanguage\":\"fr\",\"potentialAction\":[{\"@type\":\"ReadAction\",\"target\":[\"https:\/\/visscherspecialty.com\/fr\/politique-de-confidentialite\/\"]}]},{\"@type\":\"BreadcrumbList\",\"@id\":\"https:\/\/visscherspecialty.com\/fr\/politique-de-confidentialite\/#breadcrumb\",\"itemListElement\":[{\"@type\":\"ListItem\",\"position\":1,\"name\":\"Home\",\"item\":\"https:\/\/visscherspecialty.com\/fr\/\"},{\"@type\":\"ListItem\",\"position\":2,\"name\":\"Politique de confidentialit\u00e9\"}]},{\"@type\":\"WebSite\",\"@id\":\"https:\/\/visscherspecialty.com\/fr\/#website\",\"url\":\"https:\/\/visscherspecialty.com\/fr\/\",\"name\":\"Visscher Specialty\",\"description\":\"\",\"publisher\":{\"@id\":\"https:\/\/visscherspecialty.com\/fr\/#organization\"},\"potentialAction\":[{\"@type\":\"SearchAction\",\"target\":{\"@type\":\"EntryPoint\",\"urlTemplate\":\"https:\/\/visscherspecialty.com\/fr\/?s={search_term_string}\"},\"query-input\":{\"@type\":\"PropertyValueSpecification\",\"valueRequired\":true,\"valueName\":\"search_term_string\"}}],\"inLanguage\":\"fr\"},{\"@type\":\"Organization\",\"@id\":\"https:\/\/visscherspecialty.com\/fr\/#organization\",\"name\":\"Visscher Specialty\",\"url\":\"https:\/\/visscherspecialty.com\/fr\/\",\"logo\":{\"@type\":\"ImageObject\",\"inLanguage\":\"fr\",\"@id\":\"https:\/\/visscherspecialty.com\/fr\/#\/schema\/logo\/image\/\",\"url\":\"https:\/\/visscherspecialty.com\/wp-content\/uploads\/2024\/02\/Visscher-Logo.png\",\"contentUrl\":\"https:\/\/visscherspecialty.com\/wp-content\/uploads\/2024\/02\/Visscher-Logo.png\",\"width\":1349,\"height\":570,\"caption\":\"Visscher Specialty\"},\"image\":{\"@id\":\"https:\/\/visscherspecialty.com\/fr\/#\/schema\/logo\/image\/\"}}]}<\/script>\n<!-- \/ Yoast SEO plugin. -->","yoast_head_json":{"title":"Politique de confidentialit\u00e9 - Visscher Specialty","robots":{"index":"index","follow":"follow","max-snippet":"max-snippet:-1","max-image-preview":"max-image-preview:large","max-video-preview":"max-video-preview:-1"},"canonical":"https:\/\/visscherspecialty.com\/fr\/politique-de-confidentialite\/","og_locale":"fr_FR","og_type":"article","og_title":"Politique de confidentialit\u00e9 - Visscher Specialty","og_description":"La pr\u00e9sente politique de confidentialit\u00e9 \u00e9nonce les politiques et les pratiques de Visscher Specialty Products (Visscher) en mati\u00e8re de collecte, d&#8217;utilisation et de divulgation de renseignements personnels dans le cadre du site www.visscherspecialty.com (le site Web). La pr\u00e9sente politique de confidentialit\u00e9 peut \u00eatre mise \u00e0 jour par Visscher en donnant un pr\u00e9avis raisonnable des conditions [&hellip;]","og_url":"https:\/\/visscherspecialty.com\/fr\/politique-de-confidentialite\/","og_site_name":"Visscher Specialty","article_modified_time":"2024-10-08T06:18:34+00:00","twitter_card":"summary_large_image","twitter_misc":{"Est. reading time":"7 minutes"},"schema":{"@context":"https:\/\/schema.org","@graph":[{"@type":"WebPage","@id":"https:\/\/visscherspecialty.com\/fr\/politique-de-confidentialite\/","url":"https:\/\/visscherspecialty.com\/fr\/politique-de-confidentialite\/","name":"Politique de confidentialit\u00e9 - Visscher Specialty","isPartOf":{"@id":"https:\/\/visscherspecialty.com\/fr\/#website"},"datePublished":"2021-04-16T22:26:35+00:00","dateModified":"2024-10-08T06:18:34+00:00","breadcrumb":{"@id":"https:\/\/visscherspecialty.com\/fr\/politique-de-confidentialite\/#breadcrumb"},"inLanguage":"fr","potentialAction":[{"@type":"ReadAction","target":["https:\/\/visscherspecialty.com\/fr\/politique-de-confidentialite\/"]}]},{"@type":"BreadcrumbList","@id":"https:\/\/visscherspecialty.com\/fr\/politique-de-confidentialite\/#breadcrumb","itemListElement":[{"@type":"ListItem","position":1,"name":"Home","item":"https:\/\/visscherspecialty.com\/fr\/"},{"@type":"ListItem","position":2,"name":"Politique de confidentialit\u00e9"}]},{"@type":"WebSite","@id":"https:\/\/visscherspecialty.com\/fr\/#website","url":"https:\/\/visscherspecialty.com\/fr\/","name":"Visscher Specialty","description":"","publisher":{"@id":"https:\/\/visscherspecialty.com\/fr\/#organization"},"potentialAction":[{"@type":"SearchAction","target":{"@type":"EntryPoint","urlTemplate":"https:\/\/visscherspecialty.com\/fr\/?s={search_term_string}"},"query-input":{"@type":"PropertyValueSpecification","valueRequired":true,"valueName":"search_term_string"}}],"inLanguage":"fr"},{"@type":"Organization","@id":"https:\/\/visscherspecialty.com\/fr\/#organization","name":"Visscher Specialty","url":"https:\/\/visscherspecialty.com\/fr\/","logo":{"@type":"ImageObject","inLanguage":"fr","@id":"https:\/\/visscherspecialty.com\/fr\/#\/schema\/logo\/image\/","url":"https:\/\/visscherspecialty.com\/wp-content\/uploads\/2024\/02\/Visscher-Logo.png","contentUrl":"https:\/\/visscherspecialty.com\/wp-content\/uploads\/2024\/02\/Visscher-Logo.png","width":1349,"height":570,"caption":"Visscher Specialty"},"image":{"@id":"https:\/\/visscherspecialty.com\/fr\/#\/schema\/logo\/image\/"}}]}},"_links":{"self":[{"href":"https:\/\/visscherspecialty.com\/fr\/wp-json\/wp\/v2\/pages\/5219","targetHints":{"allow":["GET"]}}],"collection":[{"href":"https:\/\/visscherspecialty.com\/fr\/wp-json\/wp\/v2\/pages"}],"about":[{"href":"https:\/\/visscherspecialty.com\/fr\/wp-json\/wp\/v2\/types\/page"}],"author":[{"embeddable":true,"href":"https:\/\/visscherspecialty.com\/fr\/wp-json\/wp\/v2\/users\/1"}],"replies":[{"embeddable":true,"href":"https:\/\/visscherspecialty.com\/fr\/wp-json\/wp\/v2\/comments?post=5219"}],"version-history":[{"count":1,"href":"https:\/\/visscherspecialty.com\/fr\/wp-json\/wp\/v2\/pages\/5219\/revisions"}],"predecessor-version":[{"id":5220,"href":"https:\/\/visscherspecialty.com\/fr\/wp-json\/wp\/v2\/pages\/5219\/revisions\/5220"}],"wp:attachment":[{"href":"https:\/\/visscherspecialty.com\/fr\/wp-json\/wp\/v2\/media?parent=5219"}],"curies":[{"name":"wp","href":"https:\/\/api.w.org\/{rel}","templated":true}]}}