{"id":5163,"date":"2024-06-14T22:37:06","date_gmt":"2024-06-14T22:37:06","guid":{"rendered":"https:\/\/visscherspecialty.com\/conditions-dutilisation\/"},"modified":"2024-10-08T06:09:23","modified_gmt":"2024-10-08T06:09:23","slug":"conditions-dutilisation","status":"publish","type":"page","link":"https:\/\/visscherspecialty.com\/fr\/conditions-dutilisation\/","title":{"rendered":"Conditions d&#8217;utilisation"},"content":{"rendered":"\t\t<div data-elementor-type=\"wp-page\" data-elementor-id=\"5163\" class=\"elementor elementor-5163 elementor-3368\" data-elementor-post-type=\"page\">\n\t\t\t\t<div class=\"elementor-element elementor-element-d28ccec e-con-full e-flex e-con e-parent\" data-id=\"d28ccec\" data-element_type=\"container\">\n\t\t\t\t<div class=\"elementor-element elementor-element-e83336e elementor-widget elementor-widget-heading\" data-id=\"e83336e\" data-element_type=\"widget\" data-widget_type=\"heading.default\">\n\t\t\t\t<div class=\"elementor-widget-container\">\n\t\t\t\t\t<h1 class=\"elementor-heading-title elementor-size-default\">Conditions d&#8217;utilisation<\/h1>\t\t\t\t<\/div>\n\t\t\t\t<\/div>\n\t\t\t\t<\/div>\n\t\t<div class=\"elementor-element elementor-element-57a27fe e-flex e-con-boxed e-con e-parent\" data-id=\"57a27fe\" data-element_type=\"container\">\n\t\t\t\t\t<div class=\"e-con-inner\">\n\t\t\t\t<div class=\"elementor-element elementor-element-a407206 elementor-widget elementor-widget-text-editor\" data-id=\"a407206\" data-element_type=\"widget\" data-widget_type=\"text-editor.default\">\n\t\t\t\t<div class=\"elementor-widget-container\">\n\t\t\t\t\t\t\t\t\t<p>Bienvenue sur notre site web. Si vous continuez \u00e0 naviguer et \u00e0 utiliser ce site web, vous acceptez de vous conformer et d&#8217;\u00eatre li\u00e9 par les conditions d&#8217;utilisation suivantes, qui, avec notre politique de confidentialit\u00e9, r\u00e9gissent les relations de (Visscher Specialty Products) avec vous dans le contexte de ce site web. <\/p>\n<p>Le terme &#8220;Visscher Specialty Products&#8221; ou &#8220;Visscher&#8221; ou &#8220;nous&#8221; d\u00e9signe le propri\u00e9taire du site web. Le terme &#8220;vous&#8221; d\u00e9signe l&#8217;utilisateur ou le visiteur de notre site web. <\/p>\n<p>L&#8217;utilisation de ce site web est soumise aux conditions d&#8217;utilisation suivantes :<\/p>\n<p>Le contenu des pages de ce site web est destin\u00e9 \u00e0 votre information et \u00e0 votre utilisation g\u00e9n\u00e9rales uniquement. Il peut \u00eatre modifi\u00e9 sans pr\u00e9avis. <\/p>\n<p>Ni nous ni aucun tiers ne fournissons de garantie quant \u00e0 l&#8217;exactitude, l&#8217;actualit\u00e9, la performance, l&#8217;exhaustivit\u00e9 ou l&#8217;ad\u00e9quation des informations et du mat\u00e9riel trouv\u00e9s ou propos\u00e9s sur ce site web \u00e0 une fin particuli\u00e8re. Vous reconnaissez que ces informations et mat\u00e9riaux peuvent contenir des inexactitudes ou des erreurs et nous excluons express\u00e9ment toute responsabilit\u00e9 pour de telles inexactitudes ou erreurs dans toute la mesure permise par la loi. <\/p>\n<p>L&#8217;utilisation des informations ou du mat\u00e9riel figurant sur ce site se fait enti\u00e8rement \u00e0 vos risques et p\u00e9rils, et nous n&#8217;en sommes pas responsables. Il est de votre responsabilit\u00e9 de vous assurer que les produits, services ou informations disponibles sur ce site r\u00e9pondent \u00e0 vos besoins sp\u00e9cifiques. <\/p>\n<p>Ce site web contient des \u00e9l\u00e9ments qui nous appartiennent ou qui nous sont conc\u00e9d\u00e9s sous licence. Ce mat\u00e9riel comprend, sans s&#8217;y limiter, la conception, la mise en page, l&#8217;aspect, l&#8217;apparence et les graphiques. La reproduction est interdite, sauf en conformit\u00e9 avec l&#8217;avis de droit d&#8217;auteur, qui fait partie des pr\u00e9sentes conditions g\u00e9n\u00e9rales.  <\/p>\n<p>Toutes les marques reproduites sur ce site web qui ne sont pas la propri\u00e9t\u00e9 de l&#8217;op\u00e9rateur ou qui ne lui ont pas \u00e9t\u00e9 conc\u00e9d\u00e9es sous licence sont reconnues sur le site web.<\/p>\n<p>L&#8217;utilisation non autoris\u00e9e de ce site web peut donner lieu \u00e0 une demande de dommages-int\u00e9r\u00eats et\/ou constituer une infraction p\u00e9nale. De temps \u00e0 autre, ce site web peut \u00e9galement inclure des liens vers d&#8217;autres sites web. Ces liens sont fournis pour votre commodit\u00e9 afin de vous donner de plus amples informations. Ils ne signifient pas que nous approuvons le(s) site(s) web. Nous ne sommes pas responsables du contenu de ces sites.    <\/p>\n<p>Votre utilisation de ce site web et tout litige d\u00e9coulant de cette utilisation du site web sont soumis aux lois du Canada.<\/p>\n\t\t\t\t\t\t\t\t<\/div>\n\t\t\t\t<\/div>\n\t\t\t\t\t<\/div>\n\t\t\t\t<\/div>\n\t\t\t\t<\/div>\n\t\t","protected":false},"excerpt":{"rendered":"<p>Bienvenue sur notre site web. Si vous continuez \u00e0 naviguer et \u00e0 utiliser ce site web, vous acceptez de vous conformer et d&#8217;\u00eatre li\u00e9 par les conditions d&#8217;utilisation suivantes, qui, avec notre politique de confidentialit\u00e9, r\u00e9gissent les relations de (Visscher Specialty Products) avec vous dans le contexte de ce site web. Le terme &#8220;Visscher Specialty [&hellip;]<\/p>\n","protected":false},"author":1,"featured_media":0,"parent":0,"menu_order":0,"comment_status":"closed","ping_status":"closed","template":"","meta":{"_acf_changed":false,"footnotes":""},"class_list":["post-5163","page","type-page","status-publish","hentry"],"acf":[],"yoast_head":"<!-- This site is optimized with the Yoast SEO plugin v27.2 - https:\/\/yoast.com\/product\/yoast-seo-wordpress\/ -->\n<title>Conditions d&#039;utilisation - Visscher Specialty<\/title>\n<meta name=\"robots\" content=\"index, follow, max-snippet:-1, max-image-preview:large, max-video-preview:-1\" \/>\n<link rel=\"canonical\" href=\"https:\/\/visscherspecialty.com\/fr\/conditions-dutilisation\/\" \/>\n<meta property=\"og:locale\" content=\"fr_FR\" \/>\n<meta property=\"og:type\" content=\"article\" \/>\n<meta property=\"og:title\" content=\"Conditions d&#039;utilisation - Visscher Specialty\" \/>\n<meta property=\"og:description\" content=\"Bienvenue sur notre site web. Si vous continuez \u00e0 naviguer et \u00e0 utiliser ce site web, vous acceptez de vous conformer et d&#8217;\u00eatre li\u00e9 par les conditions d&#8217;utilisation suivantes, qui, avec notre politique de confidentialit\u00e9, r\u00e9gissent les relations de (Visscher Specialty Products) avec vous dans le contexte de ce site web. Le terme &#8220;Visscher Specialty [&hellip;]\" \/>\n<meta property=\"og:url\" content=\"https:\/\/visscherspecialty.com\/fr\/conditions-dutilisation\/\" \/>\n<meta property=\"og:site_name\" content=\"Visscher Specialty\" \/>\n<meta property=\"article:modified_time\" content=\"2024-10-08T06:09:23+00:00\" \/>\n<meta name=\"twitter:card\" content=\"summary_large_image\" \/>\n<meta name=\"twitter:label1\" content=\"Est. reading time\" \/>\n\t<meta name=\"twitter:data1\" content=\"2 minutes\" \/>\n<script type=\"application\/ld+json\" class=\"yoast-schema-graph\">{\"@context\":\"https:\/\/schema.org\",\"@graph\":[{\"@type\":\"WebPage\",\"@id\":\"https:\/\/visscherspecialty.com\/fr\/conditions-dutilisation\/\",\"url\":\"https:\/\/visscherspecialty.com\/fr\/conditions-dutilisation\/\",\"name\":\"Conditions d'utilisation - Visscher Specialty\",\"isPartOf\":{\"@id\":\"https:\/\/visscherspecialty.com\/fr\/#website\"},\"datePublished\":\"2024-06-14T22:37:06+00:00\",\"dateModified\":\"2024-10-08T06:09:23+00:00\",\"breadcrumb\":{\"@id\":\"https:\/\/visscherspecialty.com\/fr\/conditions-dutilisation\/#breadcrumb\"},\"inLanguage\":\"fr\",\"potentialAction\":[{\"@type\":\"ReadAction\",\"target\":[\"https:\/\/visscherspecialty.com\/fr\/conditions-dutilisation\/\"]}]},{\"@type\":\"BreadcrumbList\",\"@id\":\"https:\/\/visscherspecialty.com\/fr\/conditions-dutilisation\/#breadcrumb\",\"itemListElement\":[{\"@type\":\"ListItem\",\"position\":1,\"name\":\"Home\",\"item\":\"https:\/\/visscherspecialty.com\/fr\/\"},{\"@type\":\"ListItem\",\"position\":2,\"name\":\"Conditions d&rsquo;utilisation\"}]},{\"@type\":\"WebSite\",\"@id\":\"https:\/\/visscherspecialty.com\/fr\/#website\",\"url\":\"https:\/\/visscherspecialty.com\/fr\/\",\"name\":\"Visscher Specialty\",\"description\":\"\",\"publisher\":{\"@id\":\"https:\/\/visscherspecialty.com\/fr\/#organization\"},\"potentialAction\":[{\"@type\":\"SearchAction\",\"target\":{\"@type\":\"EntryPoint\",\"urlTemplate\":\"https:\/\/visscherspecialty.com\/fr\/?s={search_term_string}\"},\"query-input\":{\"@type\":\"PropertyValueSpecification\",\"valueRequired\":true,\"valueName\":\"search_term_string\"}}],\"inLanguage\":\"fr\"},{\"@type\":\"Organization\",\"@id\":\"https:\/\/visscherspecialty.com\/fr\/#organization\",\"name\":\"Visscher Specialty\",\"url\":\"https:\/\/visscherspecialty.com\/fr\/\",\"logo\":{\"@type\":\"ImageObject\",\"inLanguage\":\"fr\",\"@id\":\"https:\/\/visscherspecialty.com\/fr\/#\/schema\/logo\/image\/\",\"url\":\"https:\/\/visscherspecialty.com\/wp-content\/uploads\/2024\/02\/Visscher-Logo.png\",\"contentUrl\":\"https:\/\/visscherspecialty.com\/wp-content\/uploads\/2024\/02\/Visscher-Logo.png\",\"width\":1349,\"height\":570,\"caption\":\"Visscher Specialty\"},\"image\":{\"@id\":\"https:\/\/visscherspecialty.com\/fr\/#\/schema\/logo\/image\/\"}}]}<\/script>\n<!-- \/ Yoast SEO plugin. -->","yoast_head_json":{"title":"Conditions d'utilisation - Visscher Specialty","robots":{"index":"index","follow":"follow","max-snippet":"max-snippet:-1","max-image-preview":"max-image-preview:large","max-video-preview":"max-video-preview:-1"},"canonical":"https:\/\/visscherspecialty.com\/fr\/conditions-dutilisation\/","og_locale":"fr_FR","og_type":"article","og_title":"Conditions d'utilisation - Visscher Specialty","og_description":"Bienvenue sur notre site web. Si vous continuez \u00e0 naviguer et \u00e0 utiliser ce site web, vous acceptez de vous conformer et d&#8217;\u00eatre li\u00e9 par les conditions d&#8217;utilisation suivantes, qui, avec notre politique de confidentialit\u00e9, r\u00e9gissent les relations de (Visscher Specialty Products) avec vous dans le contexte de ce site web. Le terme &#8220;Visscher Specialty [&hellip;]","og_url":"https:\/\/visscherspecialty.com\/fr\/conditions-dutilisation\/","og_site_name":"Visscher Specialty","article_modified_time":"2024-10-08T06:09:23+00:00","twitter_card":"summary_large_image","twitter_misc":{"Est. reading time":"2 minutes"},"schema":{"@context":"https:\/\/schema.org","@graph":[{"@type":"WebPage","@id":"https:\/\/visscherspecialty.com\/fr\/conditions-dutilisation\/","url":"https:\/\/visscherspecialty.com\/fr\/conditions-dutilisation\/","name":"Conditions d'utilisation - Visscher Specialty","isPartOf":{"@id":"https:\/\/visscherspecialty.com\/fr\/#website"},"datePublished":"2024-06-14T22:37:06+00:00","dateModified":"2024-10-08T06:09:23+00:00","breadcrumb":{"@id":"https:\/\/visscherspecialty.com\/fr\/conditions-dutilisation\/#breadcrumb"},"inLanguage":"fr","potentialAction":[{"@type":"ReadAction","target":["https:\/\/visscherspecialty.com\/fr\/conditions-dutilisation\/"]}]},{"@type":"BreadcrumbList","@id":"https:\/\/visscherspecialty.com\/fr\/conditions-dutilisation\/#breadcrumb","itemListElement":[{"@type":"ListItem","position":1,"name":"Home","item":"https:\/\/visscherspecialty.com\/fr\/"},{"@type":"ListItem","position":2,"name":"Conditions d&rsquo;utilisation"}]},{"@type":"WebSite","@id":"https:\/\/visscherspecialty.com\/fr\/#website","url":"https:\/\/visscherspecialty.com\/fr\/","name":"Visscher Specialty","description":"","publisher":{"@id":"https:\/\/visscherspecialty.com\/fr\/#organization"},"potentialAction":[{"@type":"SearchAction","target":{"@type":"EntryPoint","urlTemplate":"https:\/\/visscherspecialty.com\/fr\/?s={search_term_string}"},"query-input":{"@type":"PropertyValueSpecification","valueRequired":true,"valueName":"search_term_string"}}],"inLanguage":"fr"},{"@type":"Organization","@id":"https:\/\/visscherspecialty.com\/fr\/#organization","name":"Visscher Specialty","url":"https:\/\/visscherspecialty.com\/fr\/","logo":{"@type":"ImageObject","inLanguage":"fr","@id":"https:\/\/visscherspecialty.com\/fr\/#\/schema\/logo\/image\/","url":"https:\/\/visscherspecialty.com\/wp-content\/uploads\/2024\/02\/Visscher-Logo.png","contentUrl":"https:\/\/visscherspecialty.com\/wp-content\/uploads\/2024\/02\/Visscher-Logo.png","width":1349,"height":570,"caption":"Visscher Specialty"},"image":{"@id":"https:\/\/visscherspecialty.com\/fr\/#\/schema\/logo\/image\/"}}]}},"_links":{"self":[{"href":"https:\/\/visscherspecialty.com\/fr\/wp-json\/wp\/v2\/pages\/5163","targetHints":{"allow":["GET"]}}],"collection":[{"href":"https:\/\/visscherspecialty.com\/fr\/wp-json\/wp\/v2\/pages"}],"about":[{"href":"https:\/\/visscherspecialty.com\/fr\/wp-json\/wp\/v2\/types\/page"}],"author":[{"embeddable":true,"href":"https:\/\/visscherspecialty.com\/fr\/wp-json\/wp\/v2\/users\/1"}],"replies":[{"embeddable":true,"href":"https:\/\/visscherspecialty.com\/fr\/wp-json\/wp\/v2\/comments?post=5163"}],"version-history":[{"count":1,"href":"https:\/\/visscherspecialty.com\/fr\/wp-json\/wp\/v2\/pages\/5163\/revisions"}],"predecessor-version":[{"id":5165,"href":"https:\/\/visscherspecialty.com\/fr\/wp-json\/wp\/v2\/pages\/5163\/revisions\/5165"}],"wp:attachment":[{"href":"https:\/\/visscherspecialty.com\/fr\/wp-json\/wp\/v2\/media?parent=5163"}],"curies":[{"name":"wp","href":"https:\/\/api.w.org\/{rel}","templated":true}]}}